{"id":2219,"date":"2021-08-05T14:20:18","date_gmt":"2021-08-05T14:20:18","guid":{"rendered":"http:\/\/www.laeuropea.com.ec\/?page_id=2219"},"modified":"2024-03-12T21:35:36","modified_gmt":"2024-03-12T21:35:36","slug":"jamones","status":"publish","type":"page","link":"https:\/\/www.laeuropea.com.ec\/index.php\/jamones\/","title":{"rendered":"JAMONES"},"content":{"rendered":"<p>[vc_row][vc_column][vc_single_image image=\u00bb2361&#8243; img_size=\u00bbfull\u00bb alignment=\u00bbcenter\u00bb style=\u00bbvc_box_rounded\u00bb][vc_empty_space height=\u00bb50px\u00bb]<div class=\"mkd-section-title-holder    mkd-st-text-position-center\" style=\"text-align: center\">\n        <div class=\"mkd-section-title-inner\">\n                            <h1 class=\"mkd-st-title mkd-title-center\" >\n                <span>JAMONES<\/span>\n            <\/h1>\n                    <\/div>\n<\/div>[vc_empty_space height=\u00bb50px\u00bb][\/vc_column][\/vc_row][vc_row][vc_column width=\u00bb1\/3&#8243;][vc_text_separator title=\u00bbPIERNA\u00bb][vc_gallery type=\u00bbflexslider_slide\u00bb interval=\u00bb3&#8243; images=\u00bb2257,2256&#8243; img_size=\u00bblarge\u00bb][vc_hoverbox image=\u00bb3116&#8243; primary_title=\u00bb\u00bb hover_title=\u00bbJam\u00f3n de Pierna\u00bb hover_background_color=\u00bbchino\u00bb]Nuestro jam\u00f3n de pierna es el resultado de una cuidadosa selecci\u00f3n y curado de la mejor carne de cerdo. Elaborado con la pierna del cerdo, nuestro jam\u00f3n tiene un sabor rico y equilibrado que lo hace perfecto para cualquier ocasi\u00f3n.&nbsp;[\/vc_hoverbox][\/vc_column][vc_column width=\u00bb1\/3&#8243;][vc_text_separator title=\u00bbESPALDA\u00bb][vc_gallery type=\u00bbflexslider_slide\u00bb interval=\u00bb3&#8243; images=\u00bb2260,2259&#8243; img_size=\u00bblarge\u00bb][vc_hoverbox image=\u00bb3115&#8243; primary_title=\u00bb\u00bb hover_title=\u00bbJam\u00f3n de Espalda\u00bb hover_background_color=\u00bbchino\u00bb]Nuestro jam\u00f3n de espalda es un producto de alta calidad, elaborado con la mejor carne de cerdo. La espalda del cerdo es seleccionada cuidadosamente y curada para dar como resultado un jam\u00f3n con un sabor delicado y una textura suave y jugosa.[\/vc_hoverbox][\/vc_column][vc_column width=\u00bb1\/3&#8243;][vc_text_separator title=\u00bbAMERICANO\u00bb][vc_gallery type=\u00bbflexslider_slide\u00bb interval=\u00bb3&#8243; images=\u00bb2261,3061,2262,2264&#8243; img_size=\u00bblarge\u00bb][vc_hoverbox image=\u00bb3120&#8243; primary_title=\u00bb\u00bb hover_title=\u00bbJam\u00f3n Americano\u00bb hover_background_color=\u00bbchino\u00bb]\u00a1Agrega un sabor cl\u00e1sico a tus comidas con nuestro delicioso jam\u00f3n americano! Hecho con carne de cerdo de alta calidad y curado para obtener un sabor suave y delicioso, adem\u00e1s es una opci\u00f3n popular para s\u00e1ndwiches, ensaladas y desayunos.&nbsp;[\/vc_hoverbox][\/vc_column][\/vc_row][vc_row][vc_column][vc_empty_space height=\u00bb50px\u00bb][\/vc_column][\/vc_row][vc_row][vc_column width=\u00bb1\/3&#8243;][vc_text_separator title=\u00bbSANDUCHERO\u00bb][vc_gallery type=\u00bbflexslider_slide\u00bb interval=\u00bb3&#8243; images=\u00bb2270,2269,2265,2268&#8243; img_size=\u00bblarge\u00bb][vc_hoverbox image=\u00bb3126&#8243; primary_title=\u00bb\u00bb hover_title=\u00bbJam\u00f3n Sanduchero\u00bb hover_background_color=\u00bbchino\u00bb]\u00a1Haz que tus s\u00e1ndwiches se destaquen con nuestro jam\u00f3n sanduchero de alta calidad! Elaborado con cortes selectos de carne de cerdo y sazonado con especias cuidadosamente seleccionadas, nuestro jam\u00f3n tiene un sabor suave y delicioso.[\/vc_hoverbox][\/vc_column][vc_column width=\u00bb1\/3&#8243;][vc_text_separator title=\u00bbJAM\u00d3N\u00bb][vc_gallery type=\u00bbflexslider_slide\u00bb interval=\u00bb3&#8243; images=\u00bb2272,2271&#8243; img_size=\u00bblarge\u00bb][vc_hoverbox image=\u00bb3125&#8243; primary_title=\u00bb\u00bb hover_title=\u00bbJam\u00f3n\u00bb hover_background_color=\u00bbchino\u00bb]Disfruta del sabor suave y delicioso de nuestro jam\u00f3n de alta calidad. Elaborado con cortes selectos de carne de cerdo y curado con cuidado, nuestro jam\u00f3n tiene una textura tierna y un sabor irresistible que lo hace perfecto para cualquier ocasi\u00f3n.[\/vc_hoverbox][\/vc_column][vc_column width=\u00bb1\/3&#8243;][vc_text_separator title=\u00bbJAMONADA\u00bb][vc_gallery type=\u00bbflexslider_slide\u00bb interval=\u00bb3&#8243; images=\u00bb3571&#8243; img_size=\u00bblarge\u00bb][vc_hoverbox image=\u00bb3124&#8243; primary_title=\u00bb\u00bb hover_title=\u00bbJamonada\u00bb hover_background_color=\u00bbchino\u00bb]Prueba nuestro jam\u00f3n mezclado con mortadela para una experiencia \u00fanica y deliciosa. Elaborado con cortes selectos de jam\u00f3n y mortadela de alta calidad, nuestra mezcla tiene una textura suave y un sabor equilibrado que gusta a todos.[\/vc_hoverbox][\/vc_column][\/vc_row][vc_row][vc_column][vc_empty_space height=\u00bb50px\u00bb][\/vc_column][\/vc_row][vc_row][vc_column width=\u00bb1\/3&#8243;][vc_text_separator title=\u00bbPAVO\u00bb][vc_gallery type=\u00bbflexslider_slide\u00bb interval=\u00bb3&#8243; images=\u00bb2275,3049,3050,3051&#8243; img_size=\u00bblarge\u00bb][vc_hoverbox image=\u00bb3130&#8243; primary_title=\u00bb\u00bb hover_title=\u00bbJam\u00f3n de Pavo\u00bb hover_background_color=\u00bbchino\u00bb]Nuestro jam\u00f3n de pavo es una opci\u00f3n popular y saludable para aquellos que buscan una alternativa m\u00e1s ligera al jam\u00f3n tradicional. Elaborado con pechuga de pavo de alta calidad, nuestro jam\u00f3n de pavo es bajo en grasas.[\/vc_hoverbox][\/vc_column][vc_column width=\u00bb1\/3&#8243;][vc_text_separator title=\u00bbPOLLO\u00bb][vc_gallery type=\u00bbflexslider_slide\u00bb interval=\u00bb3&#8243; images=\u00bb2277,3052&#8243; img_size=\u00bblarge\u00bb][vc_hoverbox image=\u00bb3129&#8243; primary_title=\u00bb\u00bb hover_title=\u00bbJam\u00f3n de Pollo\u00bb hover_background_color=\u00bbchino\u00bb]Nuestro jam\u00f3n de pollo es una alternativa deliciosa y saludable al jam\u00f3n tradicional. Elaborado con pechuga de pollo de alta calidad, nuestro jam\u00f3n de pollo tiene un sabor suave y bajo en grasas, lo que lo hace perfecto para aquellos que buscan una opci\u00f3n m\u00e1s ligera.[\/vc_hoverbox][vc_empty_space height=\u00bb50px\u00bb][vc_empty_space height=\u00bb50px\u00bb][\/vc_column][vc_column width=\u00bb1\/3&#8243;][\/vc_column][\/vc_row]<\/p>\n","protected":false},"excerpt":{"rendered":"<p>[vc_row][vc_column][vc_single_image image=\u00bb2361&#8243; img_size=\u00bbfull\u00bb alignment=\u00bbcenter\u00bb style=\u00bbvc_box_rounded\u00bb][vc_empty_space height=\u00bb50px\u00bb][vc_empty_space height=\u00bb50px\u00bb][\/vc_column][\/vc_row][vc_row][vc_column width=\u00bb1\/3&#8243;][vc_text_separator title=\u00bbPIERNA\u00bb][vc_gallery type=\u00bbflexslider_slide\u00bb interval=\u00bb3&#8243; images=\u00bb2257,2256&#8243; img_size=\u00bblarge\u00bb][vc_hoverbox image=\u00bb3116&#8243; primary_title=\u00bb\u00bb hover_title=\u00bbJam\u00f3n de Pierna\u00bb hover_background_color=\u00bbchino\u00bb]Nuestro jam\u00f3n de pierna es el resultado de una cuidadosa selecci\u00f3n y curado de la mejor carne de cerdo. Elaborado con la [&hellip;]<\/p>\n","protected":false},"author":1,"featured_media":0,"parent":0,"menu_order":0,"comment_status":"closed","ping_status":"closed","template":"","meta":{"ngg_post_thumbnail":0,"footnotes":""},"class_list":["post-2219","page","type-page","status-publish","hentry"],"_links":{"self":[{"href":"https:\/\/www.laeuropea.com.ec\/index.php\/wp-json\/wp\/v2\/pages\/2219","targetHints":{"allow":["GET"]}}],"collection":[{"href":"https:\/\/www.laeuropea.com.ec\/index.php\/wp-json\/wp\/v2\/pages"}],"about":[{"href":"https:\/\/www.laeuropea.com.ec\/index.php\/wp-json\/wp\/v2\/types\/page"}],"author":[{"embeddable":true,"href":"https:\/\/www.laeuropea.com.ec\/index.php\/wp-json\/wp\/v2\/users\/1"}],"replies":[{"embeddable":true,"href":"https:\/\/www.laeuropea.com.ec\/index.php\/wp-json\/wp\/v2\/comments?post=2219"}],"version-history":[{"count":23,"href":"https:\/\/www.laeuropea.com.ec\/index.php\/wp-json\/wp\/v2\/pages\/2219\/revisions"}],"predecessor-version":[{"id":3572,"href":"https:\/\/www.laeuropea.com.ec\/index.php\/wp-json\/wp\/v2\/pages\/2219\/revisions\/3572"}],"wp:attachment":[{"href":"https:\/\/www.laeuropea.com.ec\/index.php\/wp-json\/wp\/v2\/media?parent=2219"}],"curies":[{"name":"wp","href":"https:\/\/api.w.org\/{rel}","templated":true}]}}