{"id":2279,"date":"2021-08-05T16:02:15","date_gmt":"2021-08-05T16:02:15","guid":{"rendered":"http:\/\/www.laeuropea.com.ec\/?page_id=2279"},"modified":"2024-02-20T16:11:11","modified_gmt":"2024-02-20T16:11:11","slug":"chorizos","status":"publish","type":"page","link":"https:\/\/www.laeuropea.com.ec\/index.php\/chorizos\/","title":{"rendered":"CHORIZOS"},"content":{"rendered":"<p>[vc_row][vc_column][vc_single_image image=\u00bb2374&#8243; img_size=\u00bbfull\u00bb alignment=\u00bbcenter\u00bb style=\u00bbvc_box_rounded\u00bb][vc_empty_space height=\u00bb50px\u00bb]<div class=\"mkd-section-title-holder    mkd-st-text-position-center\" style=\"text-align: center\">\n        <div class=\"mkd-section-title-inner\">\n                            <h1 class=\"mkd-st-title mkd-title-center\" >\n                <span>CHORIZOS<\/span>\n            <\/h1>\n                    <\/div>\n<\/div>[vc_empty_space height=\u00bb50px\u00bb][\/vc_column][\/vc_row][vc_row][vc_column width=\u00bb1\/3&#8243;][vc_text_separator title=\u00bbAHUMADO\u00bb][vc_gallery type=\u00bbflexslider_slide\u00bb interval=\u00bb3&#8243; images=\u00bb2280&#8243; img_size=\u00bblarge\u00bb][vc_hoverbox image=\u00bb3175&#8243; primary_title=\u00bb\u00bb hover_title=\u00bbChorizo Ahumado\u00bb hover_background_color=\u00bbchino\u00bb]Nuestro chorizo ahumado es un producto de alta calidad elaborado con los mejores ingredientes y un proceso de ahumado tradicional para ofrecer un sabor \u00fanico y aut\u00e9ntico con un aroma ahumado inconfundible. Elaborado con carne de cerdo y res de alta calidad.[\/vc_hoverbox][\/vc_column][vc_column width=\u00bb1\/3&#8243;][vc_text_separator title=\u00bbLONGANIZA\u00bb][vc_gallery type=\u00bbflexslider_slide\u00bb interval=\u00bb3&#8243; images=\u00bb3170,3168&#8243; img_size=\u00bblarge\u00bb][vc_hoverbox image=\u00bb3322&#8243; primary_title=\u00bb\u00bb hover_title=\u00bbLonganiza\u00bb hover_background_color=\u00bbchino\u00bb]Se elabora con carne de cerdo picada y condimentada con distintas especias. Es un producto muy vers\u00e1til que se puede consumir de diversas formas, como asada, frita, en guisos, en s\u00e1ndwiches, entre otras. La Longaniza tiene un sabor intenso y delicioso.[\/vc_hoverbox][\/vc_column][vc_column width=\u00bb1\/3&#8243;][vc_text_separator title=\u00bbRANCHERO-CHORIPAN\u00bb][vc_gallery type=\u00bbflexslider_slide\u00bb interval=\u00bb3&#8243; images=\u00bb2284,2285,2286,2287,2288,2289&#8243; img_size=\u00bblarge\u00bb][vc_hoverbox image=\u00bb3325&#8243; primary_title=\u00bb\u00bb hover_title=\u00bbRanchero-Chorip\u00e1n\u00bb hover_background_color=\u00bbchino\u00bb]Combina el sabor intenso y picante del chorizo con el pan suave y esponjoso. Perfecto para cualquier hora del d\u00eda, ya sea como snack, almuerzo o cena. El Choripan es f\u00e1cil de preparar y es una excelente opci\u00f3n para aquellos que buscan una comida r\u00e1pida y deliciosa.&nbsp;[\/vc_hoverbox][\/vc_column][\/vc_row][vc_row][vc_column][vc_empty_space height=\u00bb50px\u00bb][\/vc_column][\/vc_row][vc_row][vc_column width=\u00bb1\/3&#8243;][vc_text_separator title=\u00bbPAISA\u00bb][vc_gallery type=\u00bbflexslider_slide\u00bb interval=\u00bb3&#8243; images=\u00bb3162&#8243; img_size=\u00bblarge\u00bb][vc_hoverbox image=\u00bb3321&#8243; primary_title=\u00bb\u00bb hover_title=\u00bbChorizo Paisa\u00bb hover_background_color=\u00bbchino\u00bb]Nuestro chorizo paisa es un producto artesanal, elaborado con carne de cerdo y res de alta calidad y una mezcla de especias. Este chorizo tiene un sabor delicioso y \u00fanico que se caracteriza por su picante suave y su textura suave y jugosa.&nbsp;[\/vc_hoverbox][\/vc_column][vc_column width=\u00bb1\/3&#8243;][vc_text_separator title=\u00bbCUENCANA\u00bb][vc_gallery type=\u00bbflexslider_slide\u00bb interval=\u00bb3&#8243; images=\u00bb2295&#8243; img_size=\u00bblarge\u00bb][vc_hoverbox image=\u00bb3187&#8243; primary_title=\u00bb\u00bb hover_title=\u00bbSalchicha Cuencana\u00bb hover_background_color=\u00bbchino\u00bb]Elaborado con carne de cerdo de primera calidad y una mezcla de especias aut\u00e9nticas que le dan un sabor delicioso y \u00fanico. Puedes disfrutar nuestro chorizo cuencano a la parrilla, frito, asado o en una variedad de recetas.[\/vc_hoverbox][\/vc_column][vc_column width=\u00bb1\/3&#8243;][vc_text_separator title=\u00bbCHORIZO\u00bb][vc_gallery type=\u00bbflexslider_slide\u00bb interval=\u00bb3&#8243; images=\u00bb3029,3030&#8243; img_size=\u00bblarge\u00bb][vc_hoverbox image=\u00bb3180&#8243; primary_title=\u00bb\u00bb hover_title=\u00bbChorizo\u00bb hover_background_color=\u00bbchino\u00bb]<\/p>\n<div class=\"MjjYud\">\n<div class=\"g Ww4FFb vt6azd tF2Cxc asEBEc\" lang=\"es\" data-hveid=\"CCoQAA\" data-ved=\"2ahUKEwjz97m02Iv_AhWur4QIHbQ9DsUQFSgAegQIKhAA\">\n<div class=\"GLI8Bc UK95Uc\" data-snc=\"ih6Jnb_pUsyB\">\n<div class=\"Z26q7c UK95Uc VGXe8\" data-sncf=\"2\" data-snf=\"nke7rc\">\n<div class=\"VwiC3b yXK7lf MUxGbd yDYNvb lyLwlc\">Es un embutido que tiene un color rojo ladrillo, brillante y un sabor ahumado y un poco picante. Deliciosos pinchos de Chorizo La Europea con cebolla y pimiento. Perfectas para acompa\u00f1ar con una copa de vino tinto, o como lo prefieras.<\/div>\n<\/div>\n<\/div>\n<\/div>\n<\/div>\n<p>[\/vc_hoverbox][\/vc_column][\/vc_row][vc_row][vc_column][\/vc_column][\/vc_row][vc_row][vc_column][vc_empty_space height=\u00bb50px\u00bb][\/vc_column][\/vc_row][vc_row][vc_column width=\u00bb1\/3&#8243;][\/vc_column][vc_column width=\u00bb1\/3&#8243;][vc_text_separator title=\u00bbSURTIDO PARRILLERO\u00bb][vc_gallery type=\u00bbflexslider_slide\u00bb interval=\u00bb3&#8243; images=\u00bb2296&#8243; img_size=\u00bblarge\u00bb][vc_hoverbox image=\u00bb3189&#8243; primary_title=\u00bb\u00bb hover_title=\u00bbSurtido Parrillero\u00bb hover_background_color=\u00bbchino\u00bb]Ofrecen una deliciosa variedad de sabores y texturas en un solo paquete. Con una combinaci\u00f3n de chorizo ahumado, chorizo picante y chorizo dulce, tendr\u00e1s la oportunidad de disfrutar de diferentes opciones en una sola compra.&nbsp;[\/vc_hoverbox][\/vc_column][vc_column width=\u00bb1\/3&#8243;][\/vc_column][\/vc_row][vc_row][vc_column][vc_empty_space height=\u00bb50px\u00bb][\/vc_column][\/vc_row]<\/p>\n","protected":false},"excerpt":{"rendered":"<p>[vc_row][vc_column][vc_single_image image=\u00bb2374&#8243; img_size=\u00bbfull\u00bb alignment=\u00bbcenter\u00bb style=\u00bbvc_box_rounded\u00bb][vc_empty_space height=\u00bb50px\u00bb][vc_empty_space height=\u00bb50px\u00bb][\/vc_column][\/vc_row][vc_row][vc_column width=\u00bb1\/3&#8243;][vc_text_separator title=\u00bbAHUMADO\u00bb][vc_gallery type=\u00bbflexslider_slide\u00bb interval=\u00bb3&#8243; images=\u00bb2280&#8243; img_size=\u00bblarge\u00bb][vc_hoverbox image=\u00bb3175&#8243; primary_title=\u00bb\u00bb hover_title=\u00bbChorizo Ahumado\u00bb hover_background_color=\u00bbchino\u00bb]Nuestro chorizo ahumado es un producto de alta calidad elaborado con los mejores ingredientes y un proceso de ahumado tradicional para ofrecer un [&hellip;]<\/p>\n","protected":false},"author":1,"featured_media":0,"parent":0,"menu_order":0,"comment_status":"closed","ping_status":"closed","template":"","meta":{"ngg_post_thumbnail":0,"footnotes":""},"class_list":["post-2279","page","type-page","status-publish","hentry"],"_links":{"self":[{"href":"https:\/\/www.laeuropea.com.ec\/index.php\/wp-json\/wp\/v2\/pages\/2279","targetHints":{"allow":["GET"]}}],"collection":[{"href":"https:\/\/www.laeuropea.com.ec\/index.php\/wp-json\/wp\/v2\/pages"}],"about":[{"href":"https:\/\/www.laeuropea.com.ec\/index.php\/wp-json\/wp\/v2\/types\/page"}],"author":[{"embeddable":true,"href":"https:\/\/www.laeuropea.com.ec\/index.php\/wp-json\/wp\/v2\/users\/1"}],"replies":[{"embeddable":true,"href":"https:\/\/www.laeuropea.com.ec\/index.php\/wp-json\/wp\/v2\/comments?post=2279"}],"version-history":[{"count":27,"href":"https:\/\/www.laeuropea.com.ec\/index.php\/wp-json\/wp\/v2\/pages\/2279\/revisions"}],"predecessor-version":[{"id":3555,"href":"https:\/\/www.laeuropea.com.ec\/index.php\/wp-json\/wp\/v2\/pages\/2279\/revisions\/3555"}],"wp:attachment":[{"href":"https:\/\/www.laeuropea.com.ec\/index.php\/wp-json\/wp\/v2\/media?parent=2279"}],"curies":[{"name":"wp","href":"https:\/\/api.w.org\/{rel}","templated":true}]}}