{"id":2302,"date":"2021-08-05T16:19:29","date_gmt":"2021-08-05T16:19:29","guid":{"rendered":"http:\/\/www.laeuropea.com.ec\/?page_id=2302"},"modified":"2024-02-20T16:58:46","modified_gmt":"2024-02-20T16:58:46","slug":"ahumados","status":"publish","type":"page","link":"https:\/\/www.laeuropea.com.ec\/index.php\/ahumados\/","title":{"rendered":"AHUMADOS"},"content":{"rendered":"<p>[vc_row][vc_column][vc_single_image image=\u00bb2750&#8243; img_size=\u00bbfull\u00bb alignment=\u00bbcenter\u00bb style=\u00bbvc_box_rounded\u00bb][vc_empty_space height=\u00bb50px\u00bb]<div class=\"mkd-section-title-holder    mkd-st-text-position-center\" style=\"text-align: center\">\n        <div class=\"mkd-section-title-inner\">\n                            <h1 class=\"mkd-st-title mkd-title-center\" >\n                <span>AHUMADOS<\/span>\n            <\/h1>\n                    <\/div>\n<\/div>[vc_empty_space height=\u00bb50px\u00bb][\/vc_column][\/vc_row][vc_row][vc_column width=\u00bb1\/3&#8243;][vc_text_separator title=\u00bbCOSTILLA\u00bb][vc_gallery type=\u00bbflexslider_slide\u00bb interval=\u00bb3&#8243; images=\u00bb2313&#8243; img_size=\u00bblarge\u00bb][vc_hoverbox image=\u00bb3302&#8243; primary_title=\u00bb\u00bb hover_title=\u00bbCOSTILLA BBQ\u00bb hover_background_color=\u00bbchino\u00bb]\u00a1Sum\u00e9rgete en el para\u00edso de los sabores con nuestras costillas BBQ! Estas suculentas costillas son la combinaci\u00f3n perfecta de ahumado, dulzor y especias. Con cada mordisco, sentir\u00e1s c\u00f3mo la carne se deshace en tu boca, mientras que la salsa BBQ impregna tus papilas gustativas con su sabor irresistible. .&nbsp;[\/vc_hoverbox][\/vc_column][vc_column width=\u00bb1\/3&#8243;][vc_text_separator title=\u00bbPOLLO\u00bb][vc_hoverbox image=\u00bb3306&#8243; primary_title=\u00bb\u00bb hover_title=\u00bbPOLLO AHUMADO\u00bb hover_background_color=\u00bbchino\u00bb]. Elaborado con pechugas de pollo tiernas y jugosas, se somete a un proceso de ahumado lento que le confiere un delicioso aroma ahumado y un sabor irresistible. Es una opci\u00f3n saludable y deliciosa que seguro complacer\u00e1 a todos los amantes del pollo.[\/vc_hoverbox][vc_gallery type=\u00bbflexslider_slide\u00bb interval=\u00bb3&#8243; images=\u00bb2303&#8243; img_size=\u00bblarge\u00bb][\/vc_column][vc_column width=\u00bb1\/3&#8243;][vc_text_separator title=\u00bbCHULETA\u00bb][vc_gallery type=\u00bbflexslider_slide\u00bb interval=\u00bb3&#8243; images=\u00bb2311,2312&#8243; img_size=\u00bblarge\u00bb][vc_hoverbox image=\u00bb3301&#8243; primary_title=\u00bb\u00bb hover_title=\u00bbCHULETA\u00bb hover_background_color=\u00bbchino\u00bb]\u00a1Las chuletas ahumadas que te har\u00e1n deleitar cada mordisco! Nuestras chuletas de cerdo son cuidadosamente seleccionadas y sometidas a un proceso de ahumado para brindarte un sabor irresistiblemente ahumado. Cada chuleta est\u00e1 llena de jugosidad y tiernidad, mientras que su capa exterior crujiente le da el toque perfecto de textura.[\/vc_hoverbox][\/vc_column][\/vc_row][vc_row][vc_column][vc_empty_space height=\u00bb50px\u00bb][\/vc_column][\/vc_row]<\/p>\n","protected":false},"excerpt":{"rendered":"<p>[vc_row][vc_column][vc_single_image image=\u00bb2750&#8243; img_size=\u00bbfull\u00bb alignment=\u00bbcenter\u00bb style=\u00bbvc_box_rounded\u00bb][vc_empty_space height=\u00bb50px\u00bb][vc_empty_space height=\u00bb50px\u00bb][\/vc_column][\/vc_row][vc_row][vc_column width=\u00bb1\/3&#8243;][vc_text_separator title=\u00bbCOSTILLA\u00bb][vc_gallery type=\u00bbflexslider_slide\u00bb interval=\u00bb3&#8243; images=\u00bb2313&#8243; img_size=\u00bblarge\u00bb][vc_hoverbox image=\u00bb3302&#8243; primary_title=\u00bb\u00bb hover_title=\u00bbCOSTILLA BBQ\u00bb hover_background_color=\u00bbchino\u00bb]\u00a1Sum\u00e9rgete en el para\u00edso de los sabores con nuestras costillas BBQ! Estas suculentas costillas son la combinaci\u00f3n perfecta de ahumado, dulzor y especias. [&hellip;]<\/p>\n","protected":false},"author":1,"featured_media":0,"parent":0,"menu_order":0,"comment_status":"closed","ping_status":"closed","template":"","meta":{"ngg_post_thumbnail":0,"footnotes":""},"class_list":["post-2302","page","type-page","status-publish","hentry"],"_links":{"self":[{"href":"https:\/\/www.laeuropea.com.ec\/index.php\/wp-json\/wp\/v2\/pages\/2302","targetHints":{"allow":["GET"]}}],"collection":[{"href":"https:\/\/www.laeuropea.com.ec\/index.php\/wp-json\/wp\/v2\/pages"}],"about":[{"href":"https:\/\/www.laeuropea.com.ec\/index.php\/wp-json\/wp\/v2\/types\/page"}],"author":[{"embeddable":true,"href":"https:\/\/www.laeuropea.com.ec\/index.php\/wp-json\/wp\/v2\/users\/1"}],"replies":[{"embeddable":true,"href":"https:\/\/www.laeuropea.com.ec\/index.php\/wp-json\/wp\/v2\/comments?post=2302"}],"version-history":[{"count":18,"href":"https:\/\/www.laeuropea.com.ec\/index.php\/wp-json\/wp\/v2\/pages\/2302\/revisions"}],"predecessor-version":[{"id":3564,"href":"https:\/\/www.laeuropea.com.ec\/index.php\/wp-json\/wp\/v2\/pages\/2302\/revisions\/3564"}],"wp:attachment":[{"href":"https:\/\/www.laeuropea.com.ec\/index.php\/wp-json\/wp\/v2\/media?parent=2302"}],"curies":[{"name":"wp","href":"https:\/\/api.w.org\/{rel}","templated":true}]}}