{"id":2558,"date":"2021-08-06T17:53:04","date_gmt":"2021-08-06T17:53:04","guid":{"rendered":"http:\/\/www.laeuropea.com.ec\/?page_id=2558"},"modified":"2023-06-09T21:49:56","modified_gmt":"2023-06-09T21:49:56","slug":"presentacion-por-libra","status":"publish","type":"page","link":"https:\/\/www.laeuropea.com.ec\/index.php\/presentacion-por-libra\/","title":{"rendered":"Presentaci\u00f3n por libra"},"content":{"rendered":"<p>[vc_row][vc_column][vc_single_image image=\u00bb2650&#8243; img_size=\u00bbfull\u00bb alignment=\u00bbcenter\u00bb style=\u00bbvc_box_rounded\u00bb][vc_empty_space height=\u00bb50px\u00bb]<div class=\"mkd-section-title-holder    mkd-st-text-position-center\" style=\"text-align: center\">\n        <div class=\"mkd-section-title-inner\">\n                            <h1 class=\"mkd-st-title mkd-title-center\" >\n                <span>PRESENTACI\u00d3N POR LIBRA<\/span>\n            <\/h1>\n                    <\/div>\n<\/div>[vc_cta h2=\u00bb\u00bb txt_align=\u00bbcenter\u00bb css_animation=\u00bbfadeInDown\u00bb]<\/p>\n<p style=\"text-align: center;\"><strong>Ahorra tiempo y disfruta de la practicidad con nuestra l\u00ednea de productos en presentaci\u00f3n por libra. Cada producto viene empacado en fundas de 1 libra exacta, lo que te permite tener un control preciso de las porciones y una mayor comodidad en tu d\u00eda a d\u00eda. Nuestros productos mantienen la misma calidad excepcional que nos caracteriza, asegur\u00e1ndote una experiencia culinaria de primera clase en cada preparaci\u00f3n.<\/strong><\/p>\n<p>[\/vc_cta][\/vc_column][\/vc_row][vc_row][vc_column width=\u00bb1\/3&#8243;][vc_text_separator title=\u00bbCARNE FILETEADA DE RES\u00bb][vc_gallery type=\u00bbflexslider_slide\u00bb interval=\u00bb3&#8243; images=\u00bb2571&#8243; img_size=\u00bblarge\u00bb][\/vc_column][vc_column width=\u00bb1\/3&#8243;][vc_text_separator title=\u00bbCARNE TROCEADA DE RES\u00bb][vc_gallery type=\u00bbflexslider_slide\u00bb interval=\u00bb3&#8243; images=\u00bb2560&#8243; img_size=\u00bblarge\u00bb][\/vc_column][vc_column width=\u00bb1\/3&#8243;][vc_text_separator title=\u00bbPULPA DE RES\u00bb][vc_gallery type=\u00bbflexslider_slide\u00bb interval=\u00bb3&#8243; images=\u00bb2559&#8243; img_size=\u00bblarge\u00bb][\/vc_column][\/vc_row][vc_row][vc_column][vc_empty_space height=\u00bb50px\u00bb][\/vc_column][\/vc_row][vc_row][vc_column width=\u00bb1\/3&#8243;][vc_text_separator title=\u00bbCARNE MOLIDA DE RES\u00bb][vc_gallery type=\u00bbflexslider_slide\u00bb interval=\u00bb3&#8243; images=\u00bb2561&#8243; img_size=\u00bblarge\u00bb][\/vc_column][vc_column width=\u00bb1\/3&#8243;][vc_text_separator title=\u00bbPULPA DE CERDO\u00bb][vc_gallery type=\u00bbflexslider_slide\u00bb interval=\u00bb3&#8243; images=\u00bb2566&#8243; img_size=\u00bblarge\u00bb][\/vc_column][vc_column width=\u00bb1\/3&#8243;][vc_text_separator title=\u00bbCARNE FILETEADA DE CERDO\u00bb][vc_gallery type=\u00bbflexslider_slide\u00bb interval=\u00bb3&#8243; images=\u00bb2567&#8243; img_size=\u00bblarge\u00bb][\/vc_column][\/vc_row][vc_row][vc_column][vc_empty_space height=\u00bb50px\u00bb][\/vc_column][\/vc_row]<\/p>\n","protected":false},"excerpt":{"rendered":"<p>[vc_row][vc_column][vc_single_image image=\u00bb2650&#8243; img_size=\u00bbfull\u00bb alignment=\u00bbcenter\u00bb style=\u00bbvc_box_rounded\u00bb][vc_empty_space height=\u00bb50px\u00bb][vc_cta h2=\u00bb\u00bb txt_align=\u00bbcenter\u00bb css_animation=\u00bbfadeInDown\u00bb] Ahorra tiempo y disfruta de la practicidad con nuestra l\u00ednea de productos en presentaci\u00f3n por libra. Cada producto viene empacado en fundas de 1 libra exacta, lo que te permite tener [&hellip;]<\/p>\n","protected":false},"author":1,"featured_media":0,"parent":0,"menu_order":0,"comment_status":"closed","ping_status":"closed","template":"","meta":{"ngg_post_thumbnail":0,"footnotes":""},"class_list":["post-2558","page","type-page","status-publish","hentry"],"_links":{"self":[{"href":"https:\/\/www.laeuropea.com.ec\/index.php\/wp-json\/wp\/v2\/pages\/2558","targetHints":{"allow":["GET"]}}],"collection":[{"href":"https:\/\/www.laeuropea.com.ec\/index.php\/wp-json\/wp\/v2\/pages"}],"about":[{"href":"https:\/\/www.laeuropea.com.ec\/index.php\/wp-json\/wp\/v2\/types\/page"}],"author":[{"embeddable":true,"href":"https:\/\/www.laeuropea.com.ec\/index.php\/wp-json\/wp\/v2\/users\/1"}],"replies":[{"embeddable":true,"href":"https:\/\/www.laeuropea.com.ec\/index.php\/wp-json\/wp\/v2\/comments?post=2558"}],"version-history":[{"count":7,"href":"https:\/\/www.laeuropea.com.ec\/index.php\/wp-json\/wp\/v2\/pages\/2558\/revisions"}],"predecessor-version":[{"id":3345,"href":"https:\/\/www.laeuropea.com.ec\/index.php\/wp-json\/wp\/v2\/pages\/2558\/revisions\/3345"}],"wp:attachment":[{"href":"https:\/\/www.laeuropea.com.ec\/index.php\/wp-json\/wp\/v2\/media?parent=2558"}],"curies":[{"name":"wp","href":"https:\/\/api.w.org\/{rel}","templated":true}]}}