{"id":2701,"date":"2021-08-10T16:51:40","date_gmt":"2021-08-10T16:51:40","guid":{"rendered":"http:\/\/www.laeuropea.com.ec\/?page_id=2701"},"modified":"2024-02-20T17:50:40","modified_gmt":"2024-02-20T17:50:40","slug":"linea-pizzera","status":"publish","type":"page","link":"https:\/\/www.laeuropea.com.ec\/index.php\/linea-pizzera\/","title":{"rendered":"L\u00ednea Pizzera"},"content":{"rendered":"<p>[vc_row][vc_column][vc_single_image image=\u00bb2690&#8243; img_size=\u00bbfull\u00bb alignment=\u00bbcenter\u00bb style=\u00bbvc_box_rounded\u00bb][vc_empty_space height=\u00bb50px\u00bb]<div class=\"mkd-section-title-holder    mkd-st-text-position-center\" style=\"text-align: center\">\n        <div class=\"mkd-section-title-inner\">\n                            <h1 class=\"mkd-st-title mkd-title-center\" >\n                <span>L\u00cdNEA PIZZERA<\/span>\n            <\/h1>\n                    <\/div>\n<\/div>[vc_empty_space height=\u00bb50px\u00bb][\/vc_column][\/vc_row][vc_row][vc_column][vc_empty_space height=\u00bb50px\u00bb][\/vc_column][\/vc_row][vc_row][vc_column width=\u00bb1\/2&#8243;][vc_text_separator title=\u00bbSALAME\u00bb][vc_gallery type=\u00bbflexslider_slide\u00bb interval=\u00bb3&#8243; images=\u00bb2708,2707&#8243; img_size=\u00bblarge\u00bb][vc_hoverbox image=\u00bb3236&#8243; primary_title=\u00bb\u00bb hover_title=\u00bbSalame\u00bb hover_background_color=\u00bbchino\u00bb]\u00a1El ingrediente perfecto para tus pizzas est\u00e1 aqu\u00ed con nuestro salame de l\u00ednea pizzera! Dise\u00f1ado especialmente para realzar el sabor y la autenticidad de tus pizzas caseras, nuestro salame de l\u00ednea pizzera te ofrece la mejor calidad y sabor en cada rodaja.&nbsp;[\/vc_hoverbox][\/vc_column][vc_column width=\u00bb1\/2&#8243;][vc_text_separator title=\u00bbPEPERONI\u00bb][vc_gallery type=\u00bbflexslider_slide\u00bb interval=\u00bb3&#8243; images=\u00bb2709&#8243; img_size=\u00bblarge\u00bb][vc_hoverbox image=\u00bb3234&#8243; primary_title=\u00bb\u00bb hover_title=\u00bbPeperoni\u00bb hover_background_color=\u00bbchino\u00bb]\u00a1Prepara pizzas irresistibles con nuestro pepperoni de l\u00ednea pizzera! Dise\u00f1ado especialmente para realzar el sabor y la autenticidad de tus pizzas caseras, nuestro pepperoni es la elecci\u00f3n perfecta para los amantes de la pizza.&nbsp;[\/vc_hoverbox][\/vc_column][\/vc_row][vc_row][vc_column][vc_empty_space height=\u00bb50px\u00bb][vc_empty_space height=\u00bb50px\u00bb][\/vc_column][\/vc_row]<\/p>\n","protected":false},"excerpt":{"rendered":"<p>[vc_row][vc_column][vc_single_image image=\u00bb2690&#8243; img_size=\u00bbfull\u00bb alignment=\u00bbcenter\u00bb style=\u00bbvc_box_rounded\u00bb][vc_empty_space height=\u00bb50px\u00bb][vc_empty_space height=\u00bb50px\u00bb][\/vc_column][\/vc_row][vc_row][vc_column][vc_empty_space height=\u00bb50px\u00bb][\/vc_column][\/vc_row][vc_row][vc_column width=\u00bb1\/2&#8243;][vc_text_separator title=\u00bbSALAME\u00bb][vc_gallery type=\u00bbflexslider_slide\u00bb interval=\u00bb3&#8243; images=\u00bb2708,2707&#8243; img_size=\u00bblarge\u00bb][vc_hoverbox image=\u00bb3236&#8243; primary_title=\u00bb\u00bb hover_title=\u00bbSalame\u00bb hover_background_color=\u00bbchino\u00bb]\u00a1El ingrediente perfecto para tus pizzas est\u00e1 aqu\u00ed con nuestro salame de l\u00ednea pizzera! Dise\u00f1ado especialmente para realzar el sabor y la autenticidad [&hellip;]<\/p>\n","protected":false},"author":1,"featured_media":0,"parent":0,"menu_order":0,"comment_status":"closed","ping_status":"closed","template":"","meta":{"ngg_post_thumbnail":0,"footnotes":""},"class_list":["post-2701","page","type-page","status-publish","hentry"],"_links":{"self":[{"href":"https:\/\/www.laeuropea.com.ec\/index.php\/wp-json\/wp\/v2\/pages\/2701","targetHints":{"allow":["GET"]}}],"collection":[{"href":"https:\/\/www.laeuropea.com.ec\/index.php\/wp-json\/wp\/v2\/pages"}],"about":[{"href":"https:\/\/www.laeuropea.com.ec\/index.php\/wp-json\/wp\/v2\/types\/page"}],"author":[{"embeddable":true,"href":"https:\/\/www.laeuropea.com.ec\/index.php\/wp-json\/wp\/v2\/users\/1"}],"replies":[{"embeddable":true,"href":"https:\/\/www.laeuropea.com.ec\/index.php\/wp-json\/wp\/v2\/comments?post=2701"}],"version-history":[{"count":6,"href":"https:\/\/www.laeuropea.com.ec\/index.php\/wp-json\/wp\/v2\/pages\/2701\/revisions"}],"predecessor-version":[{"id":3565,"href":"https:\/\/www.laeuropea.com.ec\/index.php\/wp-json\/wp\/v2\/pages\/2701\/revisions\/3565"}],"wp:attachment":[{"href":"https:\/\/www.laeuropea.com.ec\/index.php\/wp-json\/wp\/v2\/media?parent=2701"}],"curies":[{"name":"wp","href":"https:\/\/api.w.org\/{rel}","templated":true}]}}