{"id":3071,"date":"2023-05-18T15:23:44","date_gmt":"2023-05-18T15:23:44","guid":{"rendered":"http:\/\/www.laeuropea.com.ec\/?page_id=3071"},"modified":"2023-06-12T14:08:38","modified_gmt":"2023-06-12T14:08:38","slug":"borrego","status":"publish","type":"page","link":"https:\/\/www.laeuropea.com.ec\/index.php\/borrego\/","title":{"rendered":"BORREGO"},"content":{"rendered":"<p>[vc_row][vc_column][vc_single_image image=\u00bb3350&#8243; img_size=\u00bbfull\u00bb alignment=\u00bbcenter\u00bb style=\u00bbvc_box_rounded\u00bb][vc_empty_space height=\u00bb50px\u00bb]<div class=\"mkd-section-title-holder    mkd-st-text-position-center\" style=\"text-align: center\">\n        <div class=\"mkd-section-title-inner\">\n                            <h1 class=\"mkd-st-title mkd-title-center\" >\n                <span>BORREGO<\/span>\n            <\/h1>\n                    <\/div>\n<\/div>[vc_empty_space height=\u00bb50px\u00bb][\/vc_column][\/vc_row][vc_row][vc_column width=\u00bb1\/3&#8243;][vc_text_separator title=\u00bbCHULETA\u00bb][vc_gallery type=\u00bbflexslider_slide\u00bb interval=\u00bb3&#8243; images=\u00bb3359&#8243; img_size=\u00bblarge\u00bb][vc_hoverbox image=\u00bb3100&#8243; primary_title=\u00bb\u00bb hover_title=\u00bbChuleta de Borrego\u00bb hover_background_color=\u00bbchino\u00bb]Sum\u00e9rgete en una experiencia culinaria refinada con nuestra chuleta de borrego. Con su carne tierna y jugosa, cada bocado despierta notas suaves y sutiles de sabor. Nuestro borrego es cuidadosamente seleccionado y preparado.[\/vc_hoverbox][\/vc_column][vc_column width=\u00bb1\/3&#8243;][vc_text_separator title=\u00bbCOSTILLAR\u00bb][vc_gallery type=\u00bbflexslider_slide\u00bb interval=\u00bb3&#8243; images=\u00bb3353&#8243; img_size=\u00bblarge\u00bb][vc_hoverbox image=\u00bb3099&#8243; primary_title=\u00bb\u00bb hover_title=\u00bbCostillar de Borrego\u00bb hover_background_color=\u00bbchino\u00bb]Del\u00e9itate con la exquisitez del costillar de borrego, una obra maestra culinaria que combina a la perfecci\u00f3n la suculenta y tierna carne de borrego con el aroma ahumado y los sabores intensos de nuestra cuidada preparaci\u00f3n.[\/vc_hoverbox][\/vc_column][vc_column width=\u00bb1\/3&#8243;][vc_text_separator title=\u00bbPIERNA\u00bb][vc_gallery type=\u00bbflexslider_slide\u00bb interval=\u00bb3&#8243; images=\u00bb3360&#8243; img_size=\u00bblarge\u00bb][vc_hoverbox image=\u00bb3095&#8243; primary_title=\u00bb\u00bb hover_title=\u00bbPierna de Borrego\u00bb hover_background_color=\u00bbchino\u00bb]Con su carne tierna y jugosa, esta pieza emblem\u00e1tica deleitar\u00e1 tus sentidos y elevar\u00e1 tus comidas a otro nivel. Nuestra pierna de borrego, cuidadosamente seleccionada y preparada con maestr\u00eda, es el s\u00edmbolo de la excelencia culinaria.[\/vc_hoverbox][\/vc_column][\/vc_row][vc_row][vc_column][vc_empty_space height=\u00bb50px\u00bb][\/vc_column][\/vc_row][vc_row][vc_column width=\u00bb1\/3&#8243;][\/vc_column][vc_column width=\u00bb1\/3&#8243;][vc_text_separator title=\u00bbFRITADA\u00bb][vc_gallery type=\u00bbflexslider_slide\u00bb interval=\u00bb3&#8243; images=\u00bb3104&#8243; img_size=\u00bblarge\u00bb][vc_hoverbox image=\u00bb3101&#8243; primary_title=\u00bb\u00bb hover_title=\u00bbFritada de Borrego\u00bb hover_background_color=\u00bbchino\u00bb]Descubre el aut\u00e9ntico sabor de la tradici\u00f3n con nuestra exquisita fritada de borrego. Con su aroma tentador y su sabor inigualable, esta especialidad culinaria es perfecta para celebrar ocasiones especiales y cautivar a tus invitados con un fest\u00edn gourmet.[\/vc_hoverbox][vc_empty_space height=\u00bb50px\u00bb][\/vc_column][vc_column width=\u00bb1\/3&#8243;][\/vc_column][\/vc_row]<\/p>\n","protected":false},"excerpt":{"rendered":"<p>[vc_row][vc_column][vc_single_image image=\u00bb3350&#8243; img_size=\u00bbfull\u00bb alignment=\u00bbcenter\u00bb style=\u00bbvc_box_rounded\u00bb][vc_empty_space height=\u00bb50px\u00bb][vc_empty_space height=\u00bb50px\u00bb][\/vc_column][\/vc_row][vc_row][vc_column width=\u00bb1\/3&#8243;][vc_text_separator title=\u00bbCHULETA\u00bb][vc_gallery type=\u00bbflexslider_slide\u00bb interval=\u00bb3&#8243; images=\u00bb3359&#8243; img_size=\u00bblarge\u00bb][vc_hoverbox image=\u00bb3100&#8243; primary_title=\u00bb\u00bb hover_title=\u00bbChuleta de Borrego\u00bb hover_background_color=\u00bbchino\u00bb]Sum\u00e9rgete en una experiencia culinaria refinada con nuestra chuleta de borrego. Con su carne tierna y jugosa, cada bocado despierta notas suaves [&hellip;]<\/p>\n","protected":false},"author":1,"featured_media":0,"parent":0,"menu_order":0,"comment_status":"closed","ping_status":"closed","template":"","meta":{"ngg_post_thumbnail":0,"footnotes":""},"class_list":["post-3071","page","type-page","status-publish","hentry"],"_links":{"self":[{"href":"https:\/\/www.laeuropea.com.ec\/index.php\/wp-json\/wp\/v2\/pages\/3071","targetHints":{"allow":["GET"]}}],"collection":[{"href":"https:\/\/www.laeuropea.com.ec\/index.php\/wp-json\/wp\/v2\/pages"}],"about":[{"href":"https:\/\/www.laeuropea.com.ec\/index.php\/wp-json\/wp\/v2\/types\/page"}],"author":[{"embeddable":true,"href":"https:\/\/www.laeuropea.com.ec\/index.php\/wp-json\/wp\/v2\/users\/1"}],"replies":[{"embeddable":true,"href":"https:\/\/www.laeuropea.com.ec\/index.php\/wp-json\/wp\/v2\/comments?post=3071"}],"version-history":[{"count":17,"href":"https:\/\/www.laeuropea.com.ec\/index.php\/wp-json\/wp\/v2\/pages\/3071\/revisions"}],"predecessor-version":[{"id":3361,"href":"https:\/\/www.laeuropea.com.ec\/index.php\/wp-json\/wp\/v2\/pages\/3071\/revisions\/3361"}],"wp:attachment":[{"href":"https:\/\/www.laeuropea.com.ec\/index.php\/wp-json\/wp\/v2\/media?parent=3071"}],"curies":[{"name":"wp","href":"https:\/\/api.w.org\/{rel}","templated":true}]}}